{"id":50994,"date":"2025-12-12T09:20:06","date_gmt":"2025-12-12T08:20:06","guid":{"rendered":"https:\/\/www.respaldo.org\/?page_id=50994"},"modified":"2025-12-12T09:30:21","modified_gmt":"2025-12-12T08:30:21","slug":"50994-2","status":"publish","type":"page","link":"https:\/\/www.respaldo.org\/?page_id=50994","title":{"rendered":"Recomendaciones para la organizaci\u00f3n de reuniones multiling\u00fces por videoconferencia"},"content":{"rendered":"<p>[et_pb_section fb_built=\u00bb1&#8243; admin_label=\u00bbsection\u00bb _builder_version=\u00bb4.16&#8243; custom_padding=\u00bb14px|||||\u00bb global_colors_info=\u00bb{}\u00bb][et_pb_row _builder_version=\u00bb4.16&#8243; _module_preset=\u00bbdefault\u00bb custom_padding=\u00bb11px|||||\u00bb global_colors_info=\u00bb{}\u00bb][et_pb_column type=\u00bb4_4&#8243; _builder_version=\u00bb4.16&#8243; _module_preset=\u00bbdefault\u00bb global_colors_info=\u00bb{}\u00bb][et_pb_post_title meta=\u00bboff\u00bb _builder_version=\u00bb4.16&#8243; _module_preset=\u00bbdefault\u00bb title_text_color=\u00bb#0C71C3&#8243; text_orientation=\u00bbcenter\u00bb title_text_shadow_style=\u00bbpreset1&#8243; title_text_shadow_vertical_length=\u00bb0.29em\u00bb title_text_shadow_blur_strength=\u00bb0.25em\u00bb global_colors_info=\u00bb{}\u00bb][\/et_pb_post_title][\/et_pb_column][\/et_pb_row][et_pb_row column_structure=\u00bb1_6,1_6,1_6,1_6,1_6,1_6&#8243; use_custom_gutter=\u00bbon\u00bb gutter_width=\u00bb2&#8243; make_equal=\u00bbon\u00bb _builder_version=\u00bb4.16&#8243; _module_preset=\u00bbdefault\u00bb custom_padding=\u00bb0px||9px||false|false\u00bb global_colors_info=\u00bb{}\u00bb][et_pb_column type=\u00bb1_6&#8243; module_class=\u00bbalineacion-vertical\u00bb _builder_version=\u00bb4.16&#8243; _module_preset=\u00bbdefault\u00bb background_color=\u00bbrgba(104,193,65,0.18)\u00bb custom_padding=\u00bb||||false|false\u00bb border_radii=\u00bbon|50px|50px|50px|50px\u00bb border_color_all=\u00bb#8bea81&#8243; border_style_all=\u00bbdouble\u00bb box_shadow_style=\u00bbpreset3&#8243; box_shadow_vertical=\u00bb14px\u00bb box_shadow_blur=\u00bb5px\u00bb global_colors_info=\u00bb{}\u00bb][et_pb_text _builder_version=\u00bb4.16&#8243; _dynamic_attributes=\u00bblink_option_url\u00bb _module_preset=\u00bbdefault\u00bb text_orientation=\u00bbcenter\u00bb custom_padding=\u00bb5px||5px||false|false\u00bb link_option_url=\u00bb@ET-DC@eyJkeW5hbWljIjp0cnVlLCJjb250ZW50IjoicG9zdF9saW5rX3VybF9wb3N0Iiwic2V0dGluZ3MiOnsicG9zdF9pZCI6IjgxNzcifX0=@\u00bb global_colors_info=\u00bb{}\u00bb]<\/p>\n<p style=\"text-align: center;\"><span style=\"color: #3366ff;\"><strong>Generales<\/strong><\/span><\/p>\n<p>[\/et_pb_text][\/et_pb_column][et_pb_column type=\u00bb1_6&#8243; module_class=\u00bbalineacion-vertical\u00bb _builder_version=\u00bb4.16&#8243; _module_preset=\u00bbdefault\u00bb background_color=\u00bbrgba(104,193,65,0.18)\u00bb custom_padding=\u00bb||||false|false\u00bb border_radii=\u00bbon|50px|50px|50px|50px\u00bb border_color_all=\u00bb#8bea81&#8243; border_style_all=\u00bbdouble\u00bb box_shadow_style=\u00bbpreset3&#8243; box_shadow_vertical=\u00bb14px\u00bb box_shadow_blur=\u00bb5px\u00bb global_colors_info=\u00bb{}\u00bb][et_pb_text _builder_version=\u00bb4.16&#8243; _dynamic_attributes=\u00bblink_option_url\u00bb _module_preset=\u00bbdefault\u00bb text_orientation=\u00bbcenter\u00bb custom_padding=\u00bb5px||5px||false|false\u00bb link_option_url=\u00bb@ET-DC@eyJkeW5hbWljIjp0cnVlLCJjb250ZW50IjoicG9zdF9saW5rX3VybF9wb3N0Iiwic2V0dGluZ3MiOnsicG9zdF9pZCI6IjgxODQifX0=@\u00bb global_colors_info=\u00bb{}\u00bb]<\/p>\n<p style=\"text-align: center;\"><span style=\"color: #3366ff;\"><strong>Programaci\u00f3n<\/strong><\/span><\/p>\n<p>[\/et_pb_text][\/et_pb_column][et_pb_column type=\u00bb1_6&#8243; module_class=\u00bbalineacion-vertical\u00bb _builder_version=\u00bb4.16&#8243; _module_preset=\u00bbdefault\u00bb background_color=\u00bbrgba(104,193,65,0.18)\u00bb custom_padding=\u00bb||||false|false\u00bb border_radii=\u00bbon|50px|50px|50px|50px\u00bb border_color_all=\u00bb#8bea81&#8243; border_style_all=\u00bbdouble\u00bb box_shadow_style=\u00bbpreset3&#8243; box_shadow_vertical=\u00bb14px\u00bb box_shadow_blur=\u00bb5px\u00bb global_colors_info=\u00bb{}\u00bb][et_pb_text _builder_version=\u00bb4.16&#8243; _dynamic_attributes=\u00bblink_option_url\u00bb _module_preset=\u00bbdefault\u00bb text_orientation=\u00bbcenter\u00bb custom_padding=\u00bb5px||5px||false|false\u00bb link_option_url=\u00bb@ET-DC@eyJkeW5hbWljIjp0cnVlLCJjb250ZW50IjoicG9zdF9saW5rX3VybF9wb3N0Iiwic2V0dGluZ3MiOnsicG9zdF9pZCI6IjgxODkifX0=@\u00bb global_colors_info=\u00bb{}\u00bb]<\/p>\n<p style=\"text-align: center;\"><span style=\"color: #3366ff;\"><strong>Invitaci\u00f3n<\/strong><\/span><\/p>\n<p>[\/et_pb_text][\/et_pb_column][et_pb_column type=\u00bb1_6&#8243; module_class=\u00bbalineacion-vertical\u00bb _builder_version=\u00bb4.16&#8243; _module_preset=\u00bbdefault\u00bb background_color=\u00bbrgba(104,193,65,0.18)\u00bb custom_padding=\u00bb||||false|false\u00bb border_radii=\u00bbon|50px|50px|50px|50px\u00bb border_color_all=\u00bb#8bea81&#8243; border_style_all=\u00bbdouble\u00bb box_shadow_style=\u00bbpreset3&#8243; box_shadow_vertical=\u00bb14px\u00bb box_shadow_blur=\u00bb5px\u00bb global_colors_info=\u00bb{}\u00bb][et_pb_text _builder_version=\u00bb4.16&#8243; _dynamic_attributes=\u00bblink_option_url\u00bb _module_preset=\u00bbdefault\u00bb text_orientation=\u00bbcenter\u00bb custom_padding=\u00bb5px||5px||false|false\u00bb link_option_url=\u00bb@ET-DC@eyJkeW5hbWljIjp0cnVlLCJjb250ZW50IjoicG9zdF9saW5rX3VybF9wb3N0Iiwic2V0dGluZ3MiOnsicG9zdF9pZCI6IjgxOTMifX0=@\u00bb global_colors_info=\u00bb{}\u00bb]<\/p>\n<p style=\"text-align: center;\"><span style=\"color: #3366ff;\"><strong>Antes de empezar<\/strong><\/span><\/p>\n<p>[\/et_pb_text][\/et_pb_column][et_pb_column type=\u00bb1_6&#8243; module_class=\u00bbalineacion-vertical\u00bb _builder_version=\u00bb4.16&#8243; _module_preset=\u00bbdefault\u00bb background_color=\u00bbrgba(104,193,65,0.18)\u00bb custom_padding=\u00bb||||false|false\u00bb border_radii=\u00bbon|50px|50px|50px|50px\u00bb border_color_all=\u00bb#8bea81&#8243; border_style_all=\u00bbdouble\u00bb box_shadow_style=\u00bbpreset3&#8243; box_shadow_vertical=\u00bb14px\u00bb box_shadow_blur=\u00bb5px\u00bb global_colors_info=\u00bb{}\u00bb][et_pb_text _builder_version=\u00bb4.16&#8243; _dynamic_attributes=\u00bblink_option_url\u00bb _module_preset=\u00bbdefault\u00bb text_orientation=\u00bbcenter\u00bb custom_padding=\u00bb5px||5px||false|false\u00bb link_option_url=\u00bb@ET-DC@eyJkeW5hbWljIjp0cnVlLCJjb250ZW50IjoicG9zdF9saW5rX3VybF9wb3N0Iiwic2V0dGluZ3MiOnsicG9zdF9pZCI6IjgxOTYifX0=@\u00bb global_colors_info=\u00bb{}\u00bb]<\/p>\n<p style=\"text-align: center;\"><span style=\"color: #3366ff;\"><strong>Al empezar<\/strong><\/span><\/p>\n<p>[\/et_pb_text][\/et_pb_column][et_pb_column type=\u00bb1_6&#8243; module_class=\u00bbalineacion-vertical\u00bb _builder_version=\u00bb4.16&#8243; _module_preset=\u00bbdefault\u00bb background_color=\u00bbrgba(104,193,65,0.18)\u00bb custom_padding=\u00bb||||false|false\u00bb border_radii=\u00bbon|50px|50px|50px|50px\u00bb border_color_all=\u00bb#8bea81&#8243; border_style_all=\u00bbdouble\u00bb box_shadow_style=\u00bbpreset3&#8243; box_shadow_vertical=\u00bb14px\u00bb box_shadow_blur=\u00bb5px\u00bb global_colors_info=\u00bb{}\u00bb][et_pb_text _builder_version=\u00bb4.16&#8243; _dynamic_attributes=\u00bblink_option_url\u00bb _module_preset=\u00bbdefault\u00bb text_orientation=\u00bbcenter\u00bb custom_padding=\u00bb5px||5px||false|false\u00bb link_option_url=\u00bb@ET-DC@eyJkeW5hbWljIjp0cnVlLCJjb250ZW50IjoicG9zdF9saW5rX3VybF9wb3N0Iiwic2V0dGluZ3MiOnsicG9zdF9pZCI6IjgyMDEifX0=@\u00bb global_colors_info=\u00bb{}\u00bb]<\/p>\n<p style=\"text-align: center;\"><span style=\"color: #3366ff;\"><strong>Durante la sesi\u00f3n<\/strong><\/span><\/p>\n<p>[\/et_pb_text][\/et_pb_column][\/et_pb_row][et_pb_row _builder_version=\u00bb4.16&#8243; _module_preset=\u00bbdefault\u00bb custom_padding=\u00bb11px|||||\u00bb global_colors_info=\u00bb{}\u00bb][et_pb_column type=\u00bb4_4&#8243; _builder_version=\u00bb4.16&#8243; _module_preset=\u00bbdefault\u00bb global_colors_info=\u00bb{}\u00bb][et_pb_post_slider include_categories=\u00bb6&#8243; orderby=\u00bbdate_asc\u00bb show_more_button=\u00bboff\u00bb content_source=\u00bbon\u00bb show_meta=\u00bboff\u00bb use_bg_overlay=\u00bboff\u00bb use_text_overlay=\u00bboff\u00bb _builder_version=\u00bb4.27.5&#8243; _module_preset=\u00bbdefault\u00bb header_text_color=\u00bb#0C71C3&#8243; header_letter_spacing=\u00bb1px\u00bb body_font=\u00bb||||||||\u00bb body_text_align=\u00bbjustify\u00bb body_line_height=\u00bb1.8em\u00bb background_color=\u00bbrgba(104,193,65,0.18)\u00bb background_layout=\u00bblight\u00bb custom_padding=\u00bb15px||30px||false|false\u00bb hover_enabled=\u00bb0&#8243; header_text_shadow_style=\u00bbpreset1&#8243; header_text_shadow_vertical_length=\u00bb0.13em\u00bb header_text_shadow_blur_strength=\u00bb0.15em\u00bb global_colors_info=\u00bb{}\u00bb sticky_enabled=\u00bb0&#8243;][\/et_pb_post_slider][\/et_pb_column][\/et_pb_row][\/et_pb_section]<\/p>\n","protected":false},"excerpt":{"rendered":"<p>GeneralesProgramaci\u00f3nInvitaci\u00f3nAntes de empezarAl empezarDurante la sesi\u00f3n<\/p>\n","protected":false},"author":1,"featured_media":0,"parent":0,"menu_order":0,"comment_status":"closed","ping_status":"closed","template":"","meta":{"_et_pb_use_builder":"on","_et_pb_old_content":"","_et_gb_content_width":"","footnotes":""},"class_list":["post-50994","page","type-page","status-publish","hentry"],"_links":{"self":[{"href":"https:\/\/www.respaldo.org\/index.php?rest_route=\/wp\/v2\/pages\/50994","targetHints":{"allow":["GET"]}}],"collection":[{"href":"https:\/\/www.respaldo.org\/index.php?rest_route=\/wp\/v2\/pages"}],"about":[{"href":"https:\/\/www.respaldo.org\/index.php?rest_route=\/wp\/v2\/types\/page"}],"author":[{"embeddable":true,"href":"https:\/\/www.respaldo.org\/index.php?rest_route=\/wp\/v2\/users\/1"}],"replies":[{"embeddable":true,"href":"https:\/\/www.respaldo.org\/index.php?rest_route=%2Fwp%2Fv2%2Fcomments&post=50994"}],"version-history":[{"count":4,"href":"https:\/\/www.respaldo.org\/index.php?rest_route=\/wp\/v2\/pages\/50994\/revisions"}],"predecessor-version":[{"id":51004,"href":"https:\/\/www.respaldo.org\/index.php?rest_route=\/wp\/v2\/pages\/50994\/revisions\/51004"}],"wp:attachment":[{"href":"https:\/\/www.respaldo.org\/index.php?rest_route=%2Fwp%2Fv2%2Fmedia&parent=50994"}],"curies":[{"name":"wp","href":"https:\/\/api.w.org\/{rel}","templated":true}]}}