{"id":50979,"date":"2025-12-12T09:15:06","date_gmt":"2025-12-12T08:15:06","guid":{"rendered":"https:\/\/www.respaldo.org\/?page_id=50979"},"modified":"2025-12-12T09:15:07","modified_gmt":"2025-12-12T08:15:07","slug":"50979-2","status":"publish","type":"page","link":"https:\/\/www.respaldo.org\/?page_id=50979","title":{"rendered":"Interpretaci\u00f3n en Zoom"},"content":{"rendered":"[et_pb_section fb_built=\u00bb1&#8243; admin_label=\u00bbsection\u00bb _builder_version=\u00bb4.16&#8243; global_colors_info=\u00bb{}\u00bb theme_builder_area=\u00bbpost_content\u00bb][et_pb_row admin_label=\u00bbrow\u00bb _builder_version=\u00bb4.16&#8243; background_size=\u00bbinitial\u00bb background_position=\u00bbtop_left\u00bb background_repeat=\u00bbrepeat\u00bb global_colors_info=\u00bb{}\u00bb theme_builder_area=\u00bbpost_content\u00bb][et_pb_column type=\u00bb4_4&#8243; _builder_version=\u00bb4.16&#8243; custom_padding=\u00bb|||\u00bb global_colors_info=\u00bb{}\u00bb custom_padding__hover=\u00bb|||\u00bb theme_builder_area=\u00bbpost_content\u00bb][et_pb_text admin_label=\u00bbText\u00bb _builder_version=\u00bb4.16&#8243; background_size=\u00bbinitial\u00bb background_position=\u00bbtop_left\u00bb background_repeat=\u00bbrepeat\u00bb global_colors_info=\u00bb{}\u00bb theme_builder_area=\u00bbpost_content\u00bb]\n<p>De momento, Zoom es la \u00fanica plataforma de videoconferencia que incluye una funci\u00f3n de interpretaci\u00f3n, con capacidad de hasta 9 lenguas.<\/p>\n\n\n\n<p>Aunque desde el punto de vista t\u00e9cnico no sea la soluci\u00f3n ideal, permite disfrutar de interpretaci\u00f3n en reuniones sin presupuesto para material t\u00e9cnico y asistencia profesional.<\/p>\n\n\n\n<p>Para utilizar la funci\u00f3n de interpretaci\u00f3n en Zoom, es necesario disponer de una licencia Pro o Business con la extensi\u00f3n de Webminario.<\/p>\n\n\n\n<p>Es imprescindible configurar la funci\u00f3n avanzada de interpretaci\u00f3n al programar la reuni\u00f3n.<\/p>\n\n\n\n<p>Si no desea contratar la licencia necesaria o carece experiencia en el manejo de la funci\u00f3n de interpretaci\u00f3n en Zoom, Respaldo le ofrece:<\/p>\n\n\n\n<ul class=\"wp-block-list\"><li>Hospedar su reuni\u00f3n en Zoom. El servicio incluye:<ol start=\"1\" type=\"1\"><li>alojamiento y programaci\u00f3n de la reuni\u00f3n<\/li><li>formaci\u00f3n para el coanfitri\u00f3n (asistente designado por el cliente)<\/li><li>creaci\u00f3n de un modelo de invitaci\u00f3n para cada categor\u00eda de participante (coanfitri\u00f3n, orador\/panelista, asistente\/oyente\u2026)<\/li><li>acompa\u00f1amiento<\/li><\/ol><\/li><li>Acompa\u00f1amiento para sus reuniones Zoom. El servicio incluye:<ol start=\"1\" type=\"1\"><li>Asistencia (por tel\u00e9fono o por mail) con recomendaciones generales y resoluci\u00f3n de dudas<\/li><li>Instrucciones espec\u00edficas escritas para cada categor\u00eda de participante (coanfitri\u00f3n, orador\/panelista, asistente\/oyente\u2026)<\/li><li>Sesi\u00f3n de pruebas t\u00e9cnicas<\/li><\/ol><\/li><\/ul>\n\n\n\n<p>De este modo, Respaldo le permite adquirir la experiencia necesaria para desarrollar r\u00e1pidamente la capacidad de hospedar y programar usted mismo sus reuniones y webminarios.<\/p>\n[\/et_pb_text][\/et_pb_column][\/et_pb_row][\/et_pb_section]","protected":false},"excerpt":{"rendered":"<p>De momento, Zoom es la \u00fanica plataforma de videoconferencia que incluye una funci\u00f3n de interpretaci\u00f3n, con capacidad de hasta 9 lenguas. Aunque desde el punto de vista t\u00e9cnico no sea la soluci\u00f3n ideal, permite disfrutar de interpretaci\u00f3n en reuniones sin presupuesto para material t\u00e9cnico y asistencia profesional. Para utilizar la funci\u00f3n de interpretaci\u00f3n en Zoom, [&hellip;]<\/p>\n","protected":false},"author":1,"featured_media":0,"parent":0,"menu_order":0,"comment_status":"closed","ping_status":"closed","template":"","meta":{"_et_pb_use_builder":"on","_et_pb_old_content":"","_et_gb_content_width":"","footnotes":""},"class_list":["post-50979","page","type-page","status-publish","hentry"],"_links":{"self":[{"href":"https:\/\/www.respaldo.org\/index.php?rest_route=\/wp\/v2\/pages\/50979","targetHints":{"allow":["GET"]}}],"collection":[{"href":"https:\/\/www.respaldo.org\/index.php?rest_route=\/wp\/v2\/pages"}],"about":[{"href":"https:\/\/www.respaldo.org\/index.php?rest_route=\/wp\/v2\/types\/page"}],"author":[{"embeddable":true,"href":"https:\/\/www.respaldo.org\/index.php?rest_route=\/wp\/v2\/users\/1"}],"replies":[{"embeddable":true,"href":"https:\/\/www.respaldo.org\/index.php?rest_route=%2Fwp%2Fv2%2Fcomments&post=50979"}],"version-history":[{"count":3,"href":"https:\/\/www.respaldo.org\/index.php?rest_route=\/wp\/v2\/pages\/50979\/revisions"}],"predecessor-version":[{"id":50982,"href":"https:\/\/www.respaldo.org\/index.php?rest_route=\/wp\/v2\/pages\/50979\/revisions\/50982"}],"wp:attachment":[{"href":"https:\/\/www.respaldo.org\/index.php?rest_route=%2Fwp%2Fv2%2Fmedia&parent=50979"}],"curies":[{"name":"wp","href":"https:\/\/api.w.org\/{rel}","templated":true}]}}