{"id":50949,"date":"2025-12-12T09:08:11","date_gmt":"2025-12-12T08:08:11","guid":{"rendered":"https:\/\/www.respaldo.org\/?page_id=50949"},"modified":"2025-12-17T11:06:46","modified_gmt":"2025-12-17T10:06:46","slug":"50949-2","status":"publish","type":"page","link":"https:\/\/www.respaldo.org\/?page_id=50949","title":{"rendered":"Eventos h\u00edbridos: presencial y remoto"},"content":{"rendered":"[et_pb_section fb_built=\u00bb1&#8243; admin_label=\u00bbsection\u00bb _builder_version=\u00bb4.16&#8243; global_colors_info=\u00bb{}\u00bb][et_pb_row admin_label=\u00bbrow\u00bb _builder_version=\u00bb4.16&#8243; background_size=\u00bbinitial\u00bb background_position=\u00bbtop_left\u00bb background_repeat=\u00bbrepeat\u00bb global_colors_info=\u00bb{}\u00bb][et_pb_column type=\u00bb4_4&#8243; _builder_version=\u00bb4.16&#8243; custom_padding=\u00bb|||\u00bb global_colors_info=\u00bb{}\u00bb custom_padding__hover=\u00bb|||\u00bb][et_pb_text admin_label=\u00bbText\u00bb _builder_version=\u00bb4.27.5&#8243; background_size=\u00bbinitial\u00bb background_position=\u00bbtop_left\u00bb background_repeat=\u00bbrepeat\u00bb hover_enabled=\u00bb0&#8243; global_colors_info=\u00bb{}\u00bb sticky_enabled=\u00bb0&#8243;]<p>En una reuni\u00f3n h\u00edbrida, las intervenciones de un n\u00famero limitado de participantes presenciales, reunidos en una sala o un plat\u00f3 respetando todas las limitaciones de aforo, distancia de seguridad, etc., se retransmiten en directo a un p\u00fablico restringido o abierto.<\/p>\n<p><\/p>\n<p>La interpretaci\u00f3n simult\u00e1nea se emite a trav\u00e9s de una plataforma de videoconferencia, de una plataforma de interpretaci\u00f3n o de otros medios de difusi\u00f3n que env\u00edan la se\u00f1al a los dispositivos fijos o m\u00f3viles de los participantes y oyentes situados en cualquier punto del planeta.<\/p>\n<p><\/p>\n<p>Los int\u00e9rpretes pueden trabajar desde el lugar de reuni\u00f3n, o en remoto (desde un <a href=\"https:\/\/www.respaldo.org\/?page_id=50974\" title=\"Centro de interpretaci\u00f3n\">centro<\/a>\u00a0o un <a href=\"https:\/\/www.respaldo.org\/?page_id=50983\">gabinete de interpretaci\u00f3n<\/a>).<\/p>\n<p><\/p>\n<p><\/p>\n<p><\/p>[\/et_pb_text][\/et_pb_column][\/et_pb_row][\/et_pb_section]","protected":false},"excerpt":{"rendered":"<p>En una reuni\u00f3n h\u00edbrida, las intervenciones de un n\u00famero limitado de participantes presenciales, reunidos en una sala o un plat\u00f3 respetando todas las limitaciones de aforo, distancia de seguridad, etc., se retransmiten en directo a un p\u00fablico restringido o abierto. La interpretaci\u00f3n simult\u00e1nea se emite a trav\u00e9s de una plataforma de videoconferencia, de una plataforma [&hellip;]<\/p>\n","protected":false},"author":1,"featured_media":0,"parent":0,"menu_order":0,"comment_status":"closed","ping_status":"closed","template":"","meta":{"_et_pb_use_builder":"on","_et_pb_old_content":"","_et_gb_content_width":"","footnotes":""},"class_list":["post-50949","page","type-page","status-publish","hentry"],"_links":{"self":[{"href":"https:\/\/www.respaldo.org\/index.php?rest_route=\/wp\/v2\/pages\/50949","targetHints":{"allow":["GET"]}}],"collection":[{"href":"https:\/\/www.respaldo.org\/index.php?rest_route=\/wp\/v2\/pages"}],"about":[{"href":"https:\/\/www.respaldo.org\/index.php?rest_route=\/wp\/v2\/types\/page"}],"author":[{"embeddable":true,"href":"https:\/\/www.respaldo.org\/index.php?rest_route=\/wp\/v2\/users\/1"}],"replies":[{"embeddable":true,"href":"https:\/\/www.respaldo.org\/index.php?rest_route=%2Fwp%2Fv2%2Fcomments&post=50949"}],"version-history":[{"count":7,"href":"https:\/\/www.respaldo.org\/index.php?rest_route=\/wp\/v2\/pages\/50949\/revisions"}],"predecessor-version":[{"id":51611,"href":"https:\/\/www.respaldo.org\/index.php?rest_route=\/wp\/v2\/pages\/50949\/revisions\/51611"}],"wp:attachment":[{"href":"https:\/\/www.respaldo.org\/index.php?rest_route=%2Fwp%2Fv2%2Fmedia&parent=50949"}],"curies":[{"name":"wp","href":"https:\/\/api.w.org\/{rel}","templated":true}]}}