{"id":50940,"date":"2025-12-12T09:05:59","date_gmt":"2025-12-12T08:05:59","guid":{"rendered":"https:\/\/www.respaldo.org\/?page_id=50940"},"modified":"2025-12-12T09:05:59","modified_gmt":"2025-12-12T08:05:59","slug":"50940-2","status":"publish","type":"page","link":"https:\/\/www.respaldo.org\/?page_id=50940","title":{"rendered":"Cabinas mixtas"},"content":{"rendered":"[et_pb_section fb_built=\u00bb1&#8243; admin_label=\u00bbsection\u00bb _builder_version=\u00bb4.16&#8243; global_colors_info=\u00bb{}\u00bb theme_builder_area=\u00bbpost_content\u00bb][et_pb_row admin_label=\u00bbrow\u00bb _builder_version=\u00bb4.16&#8243; background_size=\u00bbinitial\u00bb background_position=\u00bbtop_left\u00bb background_repeat=\u00bbrepeat\u00bb global_colors_info=\u00bb{}\u00bb theme_builder_area=\u00bbpost_content\u00bb][et_pb_column type=\u00bb4_4&#8243; _builder_version=\u00bb4.16&#8243; custom_padding=\u00bb|||\u00bb global_colors_info=\u00bb{}\u00bb custom_padding__hover=\u00bb|||\u00bb theme_builder_area=\u00bbpost_content\u00bb][et_pb_text admin_label=\u00bbText\u00bb _builder_version=\u00bb4.16&#8243; background_size=\u00bbinitial\u00bb background_position=\u00bbtop_left\u00bb background_repeat=\u00bbrepeat\u00bb global_colors_info=\u00bb{}\u00bb theme_builder_area=\u00bbpost_content\u00bb]\n<p>Respaldo opta por las <a href=\"https:\/\/respaldo.org\/funcionamiento-de-las-cabinas-mixtas-f\/\">cabinas mixtas<\/a> no solo porque esa soluci\u00f3n resulta m\u00e1s asequible que las cabinas puras (que exige dos int\u00e9rpretes para cada lengua de trabajo, pues estos solo traducen hacia su lengua materna), sino porque la <a href=\"https:\/\/www.aice-interpretes.com\/documentacion\/documentacion4442.pdf\">investigaci\u00f3n cient\u00edfica<\/a> apoya el uso de esta soluci\u00f3n.<\/p>\n\n\n\n<div class=\"wp-block-image is-style-rounded\"><figure class=\"aligncenter size-large is-resized\"><img loading=\"lazy\" decoding=\"async\" src=\"https:\/\/www.respaldo.org\/wp-content\/uploads\/2025\/12\/Cabinas-2015.jpg\" alt=\"Cabinas - 2015\" class=\"wp-image-7352\" width=\"480\" height=\"317\"\/><\/figure><\/div>\n[\/et_pb_text][\/et_pb_column][\/et_pb_row][\/et_pb_section]","protected":false},"excerpt":{"rendered":"<p>Respaldo opta por las cabinas mixtas no solo porque esa soluci\u00f3n resulta m\u00e1s asequible que las cabinas puras (que exige dos int\u00e9rpretes para cada lengua de trabajo, pues estos solo traducen hacia su lengua materna), sino porque la investigaci\u00f3n cient\u00edfica apoya el uso de esta soluci\u00f3n.<\/p>\n","protected":false},"author":1,"featured_media":0,"parent":0,"menu_order":0,"comment_status":"closed","ping_status":"closed","template":"","meta":{"_et_pb_use_builder":"on","_et_pb_old_content":"","_et_gb_content_width":"","footnotes":""},"class_list":["post-50940","page","type-page","status-publish","hentry"],"_links":{"self":[{"href":"https:\/\/www.respaldo.org\/index.php?rest_route=\/wp\/v2\/pages\/50940","targetHints":{"allow":["GET"]}}],"collection":[{"href":"https:\/\/www.respaldo.org\/index.php?rest_route=\/wp\/v2\/pages"}],"about":[{"href":"https:\/\/www.respaldo.org\/index.php?rest_route=\/wp\/v2\/types\/page"}],"author":[{"embeddable":true,"href":"https:\/\/www.respaldo.org\/index.php?rest_route=\/wp\/v2\/users\/1"}],"replies":[{"embeddable":true,"href":"https:\/\/www.respaldo.org\/index.php?rest_route=%2Fwp%2Fv2%2Fcomments&post=50940"}],"version-history":[{"count":3,"href":"https:\/\/www.respaldo.org\/index.php?rest_route=\/wp\/v2\/pages\/50940\/revisions"}],"predecessor-version":[{"id":50948,"href":"https:\/\/www.respaldo.org\/index.php?rest_route=\/wp\/v2\/pages\/50940\/revisions\/50948"}],"wp:attachment":[{"href":"https:\/\/www.respaldo.org\/index.php?rest_route=%2Fwp%2Fv2%2Fmedia&parent=50940"}],"curies":[{"name":"wp","href":"https:\/\/api.w.org\/{rel}","templated":true}]}}