{"id":22,"date":"2025-12-11T16:27:10","date_gmt":"2025-12-11T15:27:10","guid":{"rendered":"https:\/\/www.respaldo.org\/?page_id=22"},"modified":"2025-12-11T18:46:09","modified_gmt":"2025-12-11T17:46:09","slug":"22-2","status":"publish","type":"page","link":"https:\/\/www.respaldo.org\/","title":{"rendered":"Inicio"},"content":{"rendered":"<p>[et_pb_section fb_built=\u00bb1&#8243; _builder_version=\u00bb4.16&#8243; _module_preset=\u00bbdefault\u00bb custom_margin=\u00bb0px||||false|false\u00bb custom_padding=\u00bb||0px|||\u00bb global_colors_info=\u00bb{}\u00bb][et_pb_row _builder_version=\u00bb4.16&#8243; _module_preset=\u00bbdefault\u00bb width=\u00bb100%\u00bb min_height=\u00bb515.8px\u00bb custom_margin=\u00bb-76px|auto||auto||\u00bb custom_margin_tablet=\u00bb\u00bb custom_margin_phone=\u00bb-40px||-405px||false|false\u00bb custom_margin_last_edited=\u00bbon|phone\u00bb custom_padding=\u00bb||21px|||\u00bb global_colors_info=\u00bb{}\u00bb][et_pb_column type=\u00bb4_4&#8243; _builder_version=\u00bb4.16&#8243; _module_preset=\u00bbdefault\u00bb custom_padding=\u00bb0px||||false|false\u00bb global_colors_info=\u00bb{}\u00bb][et_pb_gallery gallery_ids=\u00bb26,27,28,29,30,31,32&#8243; fullwidth=\u00bbon\u00bb _builder_version=\u00bb4.16&#8243; _module_preset=\u00bbdefault\u00bb width=\u00bb100%\u00bb max_width=\u00bb100%\u00bb custom_margin=\u00bb-37px||||false|false\u00bb custom_padding=\u00bb7px|||||\u00bb child_filter_saturate=\u00bb69%\u00bb child_filter_opacity=\u00bb65%\u00bb animation_style=\u00bbfade\u00bb auto=\u00bbon\u00bb global_colors_info=\u00bb{}\u00bb][\/et_pb_gallery][\/et_pb_column][\/et_pb_row][\/et_pb_section][et_pb_section fb_built=\u00bb1&#8243; _builder_version=\u00bb4.16&#8243; _module_preset=\u00bbdefault\u00bb background_color=\u00bb#ffffff\u00bb custom_margin=\u00bb0px||0px||false|false\u00bb custom_padding=\u00bb0px|0px|0px|0px|false|false\u00bb global_colors_info=\u00bb{}\u00bb][et_pb_row _builder_version=\u00bb4.16&#8243; _module_preset=\u00bbdefault\u00bb min_height=\u00bb31px\u00bb custom_margin=\u00bb0px|auto||auto|false|false\u00bb custom_padding=\u00bb21px||20px|||\u00bb global_colors_info=\u00bb{}\u00bb][et_pb_column type=\u00bb4_4&#8243; _builder_version=\u00bb4.16&#8243; _module_preset=\u00bbdefault\u00bb global_colors_info=\u00bb{}\u00bb][et_pb_text _builder_version=\u00bb4.27.5&#8243; _module_preset=\u00bbdefault\u00bb text_font=\u00bb|700|||||||\u00bb text_text_color=\u00bbrgba(0,0,0,0.52)\u00bb text_font_size=\u00bb35px\u00bb text_letter_spacing=\u00bb2px\u00bb text_orientation=\u00bbcenter\u00bb custom_margin=\u00bb10px||0px||false|false\u00bb hover_enabled=\u00bb0&#8243; global_colors_info=\u00bb{}\u00bb sticky_enabled=\u00bb0&#8243;]<\/p>\n<h1><span style=\"color: #333399;\">Nuestros servicios<\/span><\/h1>\n<p>[\/et_pb_text][\/et_pb_column][\/et_pb_row][et_pb_row column_structure=\u00bb1_3,1_3,1_3&#8243; use_custom_gutter=\u00bbon\u00bb gutter_width=\u00bb2&#8243; make_equal=\u00bbon\u00bb _builder_version=\u00bb4.16&#8243; _module_preset=\u00bbdefault\u00bb custom_margin=\u00bb-8px|auto|0px|auto|false|false\u00bb global_colors_info=\u00bb{}\u00bb][et_pb_column type=\u00bb1_3&#8243; _builder_version=\u00bb4.16&#8243; _module_preset=\u00bbdefault\u00bb background_color=\u00bbrgba(104,193,65,0.18)\u00bb global_colors_info=\u00bb{}\u00bb][et_pb_text _builder_version=\u00bb4.16&#8243; _dynamic_attributes=\u00bblink_option_url\u00bb _module_preset=\u00bbdefault\u00bb text_font=\u00bb||||||||\u00bb text_text_color=\u00bb#0c71c3&#8243; text_font_size=\u00bb40px\u00bb text_orientation=\u00bbcenter\u00bb custom_margin=\u00bb|7%|1%|-10px|false|false\u00bb link_option_url=\u00bb@ET-DC@eyJkeW5hbWljIjp0cnVlLCJjb250ZW50IjoicG9zdF9saW5rX3VybF9wYWdlIiwic2V0dGluZ3MiOnsicG9zdF9pZCI6IjYyMzMifX0=@\u00bb custom_css_main_element=\u00bbfloat: left;\u00bb text_text_shadow_style=\u00bbpreset1&#8243; text_text_shadow_color=\u00bbrgba(71,70,9,0.51)\u00bb global_colors_info=\u00bb{}\u00bb]<i class=\"fas fa-language\"><\/i>[\/et_pb_text][et_pb_text _builder_version=\u00bb4.27.5&#8243; _module_preset=\u00bbdefault\u00bb text_font=\u00bb|600|||||||\u00bb text_font_size=\u00bb16px\u00bb text_orientation=\u00bbcenter\u00bb custom_margin=\u00bb||||false|false\u00bb custom_padding=\u00bb10px||||false|false\u00bb global_colors_info=\u00bb{}\u00bb]<\/p>\n<p>Traducci\u00f3n<\/p>\n<p>[\/et_pb_text][et_pb_text _builder_version=\u00bb4.16&#8243; _module_preset=\u00bbdefault\u00bb text_orientation=\u00bbjustified\u00bb custom_padding=\u00bb0px|10px|10px|10px|false|false\u00bb global_colors_info=\u00bb{}\u00bb]<\/p>\n<p>Traducciones especializadas a cargo de profesionales expertos, adaptadas a cada nivel de exigencia con la mejor relaci\u00f3n calidad\/precio.<br \/><span style=\"font-size: 15px;\">Un procedimiento sencillo para obtener traducciones juradas con firma digital o aut\u00f3grafa de forma r\u00e1pida y eficaz, para agilizar las gestiones administrativas.<br \/><\/span><span style=\"font-size: 15px;\">Resolvemos sus necesidades con un intercambio m\u00ednimo de mensajes o llamadas.<\/span><\/p>\n<p>[\/et_pb_text][\/et_pb_column][et_pb_column type=\u00bb1_3&#8243; _builder_version=\u00bb4.16&#8243; _module_preset=\u00bbdefault\u00bb background_color=\u00bbrgba(104,193,65,0.18)\u00bb global_colors_info=\u00bb{}\u00bb][et_pb_text _builder_version=\u00bb4.16&#8243; _dynamic_attributes=\u00bblink_option_url\u00bb _module_preset=\u00bbdefault\u00bb text_font=\u00bb||||||||\u00bb text_text_color=\u00bb#0c71c3&#8243; text_font_size=\u00bb40px\u00bb text_orientation=\u00bbcenter\u00bb custom_margin=\u00bb|7%|1%|-10px|false|false\u00bb link_option_url=\u00bb@ET-DC@eyJkeW5hbWljIjp0cnVlLCJjb250ZW50IjoicG9zdF9saW5rX3VybF9wYWdlIiwic2V0dGluZ3MiOnsicG9zdF9pZCI6IjY2MDUifX0=@\u00bb custom_css_main_element=\u00bbfloat: left;\u00bb text_text_shadow_style=\u00bbpreset1&#8243; text_text_shadow_color=\u00bbrgba(71,70,9,0.51)\u00bb global_colors_info=\u00bb{}\u00bb]<i class=\"fas fa-headset\"><\/i>[\/et_pb_text][et_pb_text _builder_version=\u00bb4.16&#8243; _module_preset=\u00bbdefault\u00bb text_font=\u00bb|600|||||||\u00bb text_font_size=\u00bb16px\u00bb custom_margin=\u00bb||||false|false\u00bb custom_padding=\u00bb10px||||false|false\u00bb global_colors_info=\u00bb{}\u00bb]<\/p>\n<p>Interpretaci\u00f3n<\/p>\n<p>[\/et_pb_text][et_pb_text _builder_version=\u00bb4.16&#8243; _module_preset=\u00bbdefault\u00bb text_orientation=\u00bbjustified\u00bb custom_padding=\u00bb|10px|10px|10px|false|false\u00bb global_colors_info=\u00bb{}\u00bb]<\/p>\n<p>Para asegurar el \u00e9xito de su reuni\u00f3n internacional, seleccionamos a los profesionales biling\u00fces colegiados con el perfil id\u00f3neo para cada tem\u00e1tica y contexto. Respaldo, fundada y dirigida por una int\u00e9rprete experta, conoce desde dentro las particularidades del servicio y le ayuda a identificar sus necesidades y las mejores soluciones para cada situaci\u00f3n.<\/p>\n<p>[\/et_pb_text][\/et_pb_column][et_pb_column type=\u00bb1_3&#8243; _builder_version=\u00bb4.16&#8243; _module_preset=\u00bbdefault\u00bb background_color=\u00bbrgba(104,193,65,0.18)\u00bb global_colors_info=\u00bb{}\u00bb][et_pb_text _builder_version=\u00bb4.16&#8243; _dynamic_attributes=\u00bblink_option_url\u00bb _module_preset=\u00bbdefault\u00bb text_font=\u00bb||||||||\u00bb text_text_color=\u00bb#0c71c3&#8243; text_font_size=\u00bb40px\u00bb text_orientation=\u00bbcenter\u00bb custom_margin=\u00bb|7%|1%|-10px|false|false\u00bb link_option_url=\u00bb@ET-DC@eyJkeW5hbWljIjp0cnVlLCJjb250ZW50IjoicG9zdF9saW5rX3VybF9wYWdlIiwic2V0dGluZ3MiOnsicG9zdF9pZCI6IjYyMzkifX0=@\u00bb custom_css_main_element=\u00bbfloat: left;\u00bb text_text_shadow_style=\u00bbpreset1&#8243; text_text_shadow_color=\u00bbrgba(71,70,9,0.51)\u00bb global_colors_info=\u00bb{}\u00bb]<i class=\"fas fa-comments\"><\/i>[\/et_pb_text][et_pb_text _builder_version=\u00bb4.16&#8243; _module_preset=\u00bbdefault\u00bb text_font=\u00bb|600|||||||\u00bb text_font_size=\u00bb16px\u00bb custom_margin=\u00bb||||false|false\u00bb custom_padding=\u00bb10px||||false|false\u00bb global_colors_info=\u00bb{}\u00bb]<\/p>\n<p>Eventos h\u00edbridos<\/p>\n<p>[\/et_pb_text][et_pb_text _builder_version=\u00bb4.16&#8243; _module_preset=\u00bbdefault\u00bb text_orientation=\u00bbjustified\u00bb custom_padding=\u00bb0px|10px|10px|10px|false|false\u00bb global_colors_info=\u00bb{}\u00bb]<\/p>\n<p>Combine lo mejor de los encuentros presenciales con el alcance y la rentabilidad de las sesiones a distancia. Los int\u00e9rpretes traducen todas las intervenciones desde el plat\u00f3, o desde un centro o gabinete de interpretaci\u00f3n, para dar la m\u00e1xima difusi\u00f3n a sus contenidos, al menor coste. Le ayudamos a seleccionar los mejores proveedores de servicios del sector.<\/p>\n<p>[\/et_pb_text][\/et_pb_column][\/et_pb_row][et_pb_row column_structure=\u00bb1_3,1_3,1_3&#8243; use_custom_gutter=\u00bbon\u00bb gutter_width=\u00bb2&#8243; make_equal=\u00bbon\u00bb _builder_version=\u00bb4.16&#8243; _module_preset=\u00bbdefault\u00bb global_colors_info=\u00bb{}\u00bb][et_pb_column type=\u00bb1_3&#8243; _builder_version=\u00bb4.16&#8243; _module_preset=\u00bbdefault\u00bb background_color=\u00bbrgba(104,193,65,0.18)\u00bb global_colors_info=\u00bb{}\u00bb][et_pb_text _builder_version=\u00bb4.16&#8243; _dynamic_attributes=\u00bblink_option_url\u00bb _module_preset=\u00bbdefault\u00bb text_font=\u00bb||||||||\u00bb text_text_color=\u00bb#0c71c3&#8243; text_font_size=\u00bb40px\u00bb text_orientation=\u00bbcenter\u00bb custom_margin=\u00bb|7%|1%|-10px|false|false\u00bb link_option_url=\u00bb@ET-DC@eyJkeW5hbWljIjp0cnVlLCJjb250ZW50IjoicG9zdF9saW5rX3VybF9wYWdlIiwic2V0dGluZ3MiOnsicG9zdF9pZCI6IjY3MjUifX0=@\u00bb custom_css_main_element=\u00bbfloat: left;\u00bb text_text_shadow_style=\u00bbpreset1&#8243; text_text_shadow_color=\u00bbrgba(71,70,9,0.51)\u00bb global_colors_info=\u00bb{}\u00bb]<i class=\"fas fa-microphone\"><\/i>[\/et_pb_text][et_pb_text _builder_version=\u00bb4.16&#8243; _module_preset=\u00bbdefault\u00bb text_font=\u00bb|600|||||||\u00bb text_font_size=\u00bb16px\u00bb custom_margin=\u00bb||||false|false\u00bb custom_padding=\u00bb10px||||false|false\u00bb global_colors_info=\u00bb{}\u00bb]<\/p>\n<p>Interpretaci\u00f3n simult\u00e1nea remota<\/p>\n<p>[\/et_pb_text][et_pb_text _builder_version=\u00bb4.16&#8243; _module_preset=\u00bbdefault\u00bb text_orientation=\u00bbjustified\u00bb custom_padding=\u00bb|10px|10px|10px|false|false\u00bb global_colors_info=\u00bb{}\u00bb]<\/p>\n<p>El complemento ideal para sus videoconferencias internacionales. Permite que cada interviniente se exprese en su lengua materna y siga las intervenciones en una lengua que domine. Gracias a un servicio de interpretaci\u00f3n remota con garant\u00eda profesional, nadie se perder\u00e1 ni una palabra.<\/p>\n<p>[\/et_pb_text][\/et_pb_column][et_pb_column type=\u00bb1_3&#8243; _builder_version=\u00bb4.16&#8243; _module_preset=\u00bbdefault\u00bb background_color=\u00bbrgba(104,193,65,0.18)\u00bb global_colors_info=\u00bb{}\u00bb][et_pb_text _builder_version=\u00bb4.16&#8243; _dynamic_attributes=\u00bblink_option_url\u00bb _module_preset=\u00bbdefault\u00bb text_font=\u00bb||||||||\u00bb text_text_color=\u00bb#0c71c3&#8243; text_font_size=\u00bb40px\u00bb text_orientation=\u00bbcenter\u00bb custom_margin=\u00bb|7%|1%|-10px|false|false\u00bb link_option_url=\u00bb@ET-DC@eyJkeW5hbWljIjp0cnVlLCJjb250ZW50IjoicG9zdF9saW5rX3VybF9wYWdlIiwic2V0dGluZ3MiOnsicG9zdF9pZCI6IjY2MDUifX0=@\u00bb custom_css_main_element=\u00bbfloat: left;\u00bb text_text_shadow_style=\u00bbpreset1&#8243; text_text_shadow_color=\u00bbrgba(71,70,9,0.51)\u00bb global_colors_info=\u00bb{}\u00bb]<i class=\"fas fa-suitcase\"><\/i>[\/et_pb_text][et_pb_text _builder_version=\u00bb4.16&#8243; _module_preset=\u00bbdefault\u00bb text_font=\u00bb|600|||||||\u00bb text_font_size=\u00bb16px\u00bb custom_margin=\u00bb||||false|false\u00bb custom_padding=\u00bb10px||||false|false\u00bb global_colors_info=\u00bb{}\u00bb]<\/p>\n<p>Sistema de interpretaci\u00f3n port\u00e1til<\/p>\n<p>[\/et_pb_text][et_pb_text _builder_version=\u00bb4.16&#8243; _module_preset=\u00bbdefault\u00bb text_orientation=\u00bbjustified\u00bb custom_padding=\u00bb|10px|10px|10px|false|false\u00bb global_colors_info=\u00bb{}\u00bb]<\/p>\n<p>Un sistema port\u00e1til fiable, c\u00f3modo, pr\u00e1ctico y ligero, que permite traducir visitas de campo, inspecciones, auditor\u00edas de compra de instalaciones, audiencias, giras, entrevistas y peque\u00f1as reuniones manteniendo en todo momento la distancia de seguridad entre oradores, int\u00e9rpretes y asistentes.<\/p>\n<p>[\/et_pb_text][\/et_pb_column][et_pb_column type=\u00bb1_3&#8243; _builder_version=\u00bb4.16&#8243; _module_preset=\u00bbdefault\u00bb background_color=\u00bbrgba(104,193,65,0.18)\u00bb global_colors_info=\u00bb{}\u00bb][et_pb_text _builder_version=\u00bb4.16&#8243; _dynamic_attributes=\u00bblink_option_url\u00bb _module_preset=\u00bbdefault\u00bb text_font=\u00bb||||||||\u00bb text_text_color=\u00bb#0c71c3&#8243; text_font_size=\u00bb40px\u00bb text_orientation=\u00bbcenter\u00bb custom_margin=\u00bb|7%|1%|-10px|false|false\u00bb link_option_url=\u00bb@ET-DC@eyJkeW5hbWljIjp0cnVlLCJjb250ZW50IjoicG9zdF9saW5rX3VybF9wYWdlIiwic2V0dGluZ3MiOnsicG9zdF9pZCI6IjYyMzkifX0=@\u00bb custom_css_main_element=\u00bbfloat: left;\u00bb text_text_shadow_style=\u00bbpreset1&#8243; text_text_shadow_color=\u00bbrgba(71,70,9,0.51)\u00bb global_colors_info=\u00bb{}\u00bb]<i class=\"fas fa-network-wired\"><\/i>[\/et_pb_text][et_pb_text _builder_version=\u00bb4.16&#8243; _module_preset=\u00bbdefault\u00bb text_font=\u00bb|600|||||||\u00bb text_font_size=\u00bb16px\u00bb custom_margin=\u00bb||||false|false\u00bb custom_padding=\u00bb10px||||false|false\u00bb global_colors_info=\u00bb{}\u00bb]<\/p>\n<p>Servicios TI<\/p>\n<p>[\/et_pb_text][et_pb_text _builder_version=\u00bb4.16&#8243; _module_preset=\u00bbdefault\u00bb text_orientation=\u00bbjustified\u00bb custom_padding=\u00bb|10px|10px|10px|false|false\u00bb global_colors_info=\u00bb{}\u00bb]<\/p>\n<p>Asesor\u00eda, desarrollo y asistencia especializados para los proveedores de servicios ling\u00fc\u00edsticos, desde grandes agencias hasta profesionales aut\u00f3nomos. Comprendemos sus necesidades, conocemos las dificultades y las buenas pr\u00e1cticas para agilizar sus procesos y simplificar su trabajo. Integramos sus dispositivos y le ayudamos a rentabilizar sus inversiones en IT.<\/p>\n<p>[\/et_pb_text][\/et_pb_column][\/et_pb_row][\/et_pb_section][et_pb_section fb_built=\u00bb1&#8243; _builder_version=\u00bb4.16&#8243; _module_preset=\u00bbdefault\u00bb custom_padding=\u00bb7px||2px|||\u00bb global_colors_info=\u00bb{}\u00bb][et_pb_row _builder_version=\u00bb4.16&#8243; _module_preset=\u00bbdefault\u00bb custom_padding=\u00bb||3px|||\u00bb global_colors_info=\u00bb{}\u00bb][et_pb_column type=\u00bb4_4&#8243; _builder_version=\u00bb4.16&#8243; _module_preset=\u00bbdefault\u00bb global_colors_info=\u00bb{}\u00bb][et_pb_blog posts_number=\u00bb1&#8243; include_categories=\u00bb3&#8243; show_thumbnail=\u00bboff\u00bb show_content=\u00bbon\u00bb show_author=\u00bboff\u00bb show_date=\u00bboff\u00bb show_categories=\u00bboff\u00bb show_pagination=\u00bboff\u00bb _builder_version=\u00bb4.27.5&#8243; _module_preset=\u00bbdefault\u00bb custom_margin=\u00bb-5px|||||\u00bb global_colors_info=\u00bb{}\u00bb][\/et_pb_blog][\/et_pb_column][\/et_pb_row][\/et_pb_section][et_pb_section fb_built=\u00bb1&#8243; disabled_on=\u00bbon|on|on\u00bb _builder_version=\u00bb4.16&#8243; _module_preset=\u00bbdefault\u00bb top_divider_style=\u00bbramp\u00bb top_divider_color=\u00bbrgba(104,193,65,0.18)\u00bb top_divider_height=\u00bb49px\u00bb top_divider_repeat=\u00bb0x\u00bb top_divider_flip=\u00bbvertical|horizontal\u00bb disabled=\u00bbon\u00bb global_colors_info=\u00bb{}\u00bb][et_pb_row _builder_version=\u00bb4.16&#8243; _module_preset=\u00bbdefault\u00bb custom_padding=\u00bb34px|||||\u00bb global_colors_info=\u00bb{}\u00bb][et_pb_column type=\u00bb4_4&#8243; _builder_version=\u00bb4.16&#8243; _module_preset=\u00bbdefault\u00bb global_colors_info=\u00bb{}\u00bb][et_pb_team_member name=\u00bbTeresa Sans\u00bb position=\u00bbTeresa Sans, coordinadora, traductora e int\u00e9rprete con dilatada experiencia\u00bb image_url=\u00bbhttps:\/\/www.respaldo.org\/wp-content\/uploads\/2025\/12\/Teresa-Sans-Portrait.jpg\u00bb linkedin_url=\u00bbhttps:\/\/www.linkedin.com\/in\/teresa-sans-interprete\/\u00bb icon_color=\u00bb#0b80bf\u00bb use_icon_font_size=\u00bbon\u00bb icon_font_size=\u00bb24px\u00bb _builder_version=\u00bb4.16&#8243; _module_preset=\u00bbdefault\u00bb header_level=\u00bbh1&#8243; header_font=\u00bb|700|||||||\u00bb header_text_align=\u00bbleft\u00bb body_font_size=\u00bb14px\u00bb body_line_height=\u00bb1.6em\u00bb position_font_size=\u00bb18px\u00bb position_line_height=\u00bb2.3em\u00bb child_filter_saturate=\u00bb76%\u00bb child_filter_brightness=\u00bb108%\u00bb border_radii_image=\u00bbon|50px|50px|50px|50px\u00bb border_width_all_image=\u00bb2px\u00bb border_color_all_image=\u00bbrgba(0,0,0,0)\u00bb box_shadow_style=\u00bbpreset3&#8243; box_shadow_style_image=\u00bbpreset3&#8243; global_colors_info=\u00bb{}\u00bb]<\/p>\n<p>Comienza a adquirir experiencia desde 1979 en el campo de la medicina, especializ\u00e1ndose en cardiolog\u00eda, traumatolog\u00eda, odontolog\u00eda e implantolog\u00eda. Tambi\u00e9n destaca en el campo de las medicinas integrativas, apoy\u00e1ndose en su prolongado estudio de la cultura y la medicina tradicional china.<\/p>\n<p>Su actividad abarca asimismo el terreno del derecho, las finanzas, la pol\u00edtica, la tecnolog\u00eda e ingenier\u00eda, as\u00ed como las artes, la gastronom\u00eda y la enolog\u00eda.<\/p>\n<p>Tiene un extenso recorrido en interpretaci\u00f3n simult\u00e1nea, cubriendo grandes y peque\u00f1as reuniones dentro y fuera de Espa\u00f1a. La fluidez y precisi\u00f3n de sus traducciones resalta la val\u00eda del orador.<\/p>\n<p>Destaca especialmente es en la interpretaci\u00f3n consecutiva. Sus tablas y su empat\u00eda la convierten en una facilitadora del di\u00e1logo, de gran utilidad en los procesos de negociaci\u00f3n y concertaci\u00f3n. Su profundo conocimiento de la lengua francesa y de la cultura franc\u00f3fona y magreb\u00ed facilita la comunicaci\u00f3n eficaz y la creaci\u00f3n de relaciones s\u00f3lidas.<\/p>\n<p>Como int\u00e9rprete jurada, su largo historial de intervenciones en vistas, audiencias y comparecencias le permite captar r\u00e1pidamente el fondo del asunto y a ofrecer las mejores prestaciones en contextos dif\u00edciles. Su dominio de la t\u00e9cnica de notas garantiza la exactitud, exhaustividad y fluidez de las intervenciones y acorta los tiempos de traducci\u00f3n.<\/p>\n<p>&nbsp;<\/p>\n<p>[\/et_pb_team_member][\/et_pb_column][\/et_pb_row][\/et_pb_section]<\/p>\n","protected":false},"excerpt":{"rendered":"<p>Nuestros serviciosTraducci\u00f3nTraducciones especializadas a cargo de profesionales expertos, adaptadas a cada nivel de exigencia con la mejor relaci\u00f3n calidad\/precio.Un procedimiento sencillo para obtener traducciones juradas con firma digital o aut\u00f3grafa de forma r\u00e1pida y eficaz, para agilizar las gestiones administrativas.Resolvemos sus necesidades con un intercambio m\u00ednimo de mensajes o llamadas.Interpretaci\u00f3nPara asegurar el \u00e9xito de su [&hellip;]<\/p>\n","protected":false},"author":1,"featured_media":0,"parent":0,"menu_order":0,"comment_status":"closed","ping_status":"closed","template":"","meta":{"_et_pb_use_builder":"on","_et_pb_old_content":"","_et_gb_content_width":"","footnotes":""},"class_list":["post-22","page","type-page","status-publish","hentry"],"_links":{"self":[{"href":"https:\/\/www.respaldo.org\/index.php?rest_route=\/wp\/v2\/pages\/22","targetHints":{"allow":["GET"]}}],"collection":[{"href":"https:\/\/www.respaldo.org\/index.php?rest_route=\/wp\/v2\/pages"}],"about":[{"href":"https:\/\/www.respaldo.org\/index.php?rest_route=\/wp\/v2\/types\/page"}],"author":[{"embeddable":true,"href":"https:\/\/www.respaldo.org\/index.php?rest_route=\/wp\/v2\/users\/1"}],"replies":[{"embeddable":true,"href":"https:\/\/www.respaldo.org\/index.php?rest_route=%2Fwp%2Fv2%2Fcomments&post=22"}],"version-history":[{"count":7,"href":"https:\/\/www.respaldo.org\/index.php?rest_route=\/wp\/v2\/pages\/22\/revisions"}],"predecessor-version":[{"id":50892,"href":"https:\/\/www.respaldo.org\/index.php?rest_route=\/wp\/v2\/pages\/22\/revisions\/50892"}],"wp:attachment":[{"href":"https:\/\/www.respaldo.org\/index.php?rest_route=%2Fwp%2Fv2%2Fmedia&parent=22"}],"curies":[{"name":"wp","href":"https:\/\/api.w.org\/{rel}","templated":true}]}}